{"id":142,"date":"2014-07-07T08:58:38","date_gmt":"2014-07-07T06:58:38","guid":{"rendered":"http:\/\/kinderladen-klosterpark.de\/?page_id=142"},"modified":"2014-07-11T05:31:18","modified_gmt":"2014-07-11T03:31:18","slug":"eltern","status":"publish","type":"page","link":"https:\/\/kinderladen-klosterpark.de\/?page_id=142","title":{"rendered":"Eltern"},"content":{"rendered":"<p>Wir sind ein <strong>Mitmach-Kinderladen<\/strong>. Im Kinderladen bestreiten die Eltern einen grossen Teil der nicht-fachlichen Arbeiten.<\/p>\n<p>Jeder <strong>kocht<\/strong> etwa einmal im Quartal f\u00fcr die etwa 50 Personen im Kinderladen. Ebenfalls <strong>reinigen<\/strong> wir die R\u00e4umlichkeiten selbst. Putzdienst hat ebenfalls jedes Elternteil, in \u00e4hnlicher Regelm\u00e4\u00dfigkeit wie beim Kochen.<\/p>\n<p>Je nach Bedarf beschliessen wir gemeinsam, was bei einem <strong>Arbeitseinsatz<\/strong> am Wochenende erledigt werden soll. Solche Eins\u00e4tze sind in der Regel\u00a0einmal pro Quartal vorgesehen. Meist enden solche Dienste mit einem Grillfest.<\/p>\n<p>F\u00fcr den Kochdienst ist eine g\u00fcltige <strong>Gesundheitsbelehrung<\/strong> erforderlich. Ein klassisches Gesundheitszeugnis tut es auch. Wer keine solche Belehrung hat, kann diese auf Kosten des Kinderladen beim Gesundheitsamt in G\u00f6ttingen erhalten.<\/p>\n","protected":false},"excerpt":{"rendered":"<p>Wir sind ein Mitmach-Kinderladen. Im Kinderladen bestreiten die Eltern einen grossen Teil der nicht-fachlichen Arbeiten. Jeder kocht etwa einmal im Quartal f\u00fcr die etwa 50 Personen im Kinderladen. Ebenfalls reinigen wir die R\u00e4umlichkeiten selbst. Putzdienst hat ebenfalls jedes Elternteil, in \u00e4hnlicher Regelm\u00e4\u00dfigkeit wie beim Kochen. Je nach Bedarf beschliessen wir gemeinsam, was bei einem Arbeitseinsatz &hellip; <a href=\"https:\/\/kinderladen-klosterpark.de\/?page_id=142\" class=\"more-link\"><span class=\"screen-reader-text\">Eltern<\/span> weiterlesen <span class=\"meta-nav\">&rarr;<\/span><\/a><\/p>\n","protected":false},"author":1,"featured_media":0,"parent":0,"menu_order":2,"comment_status":"closed","ping_status":"closed","template":"","meta":[],"aioseo_notices":[],"jetpack_sharing_enabled":true,"_links":{"self":[{"href":"https:\/\/kinderladen-klosterpark.de\/index.php?rest_route=\/wp\/v2\/pages\/142"}],"collection":[{"href":"https:\/\/kinderladen-klosterpark.de\/index.php?rest_route=\/wp\/v2\/pages"}],"about":[{"href":"https:\/\/kinderladen-klosterpark.de\/index.php?rest_route=\/wp\/v2\/types\/page"}],"author":[{"embeddable":true,"href":"https:\/\/kinderladen-klosterpark.de\/index.php?rest_route=\/wp\/v2\/users\/1"}],"replies":[{"embeddable":true,"href":"https:\/\/kinderladen-klosterpark.de\/index.php?rest_route=%2Fwp%2Fv2%2Fcomments&post=142"}],"version-history":[{"count":2,"href":"https:\/\/kinderladen-klosterpark.de\/index.php?rest_route=\/wp\/v2\/pages\/142\/revisions"}],"predecessor-version":[{"id":210,"href":"https:\/\/kinderladen-klosterpark.de\/index.php?rest_route=\/wp\/v2\/pages\/142\/revisions\/210"}],"wp:attachment":[{"href":"https:\/\/kinderladen-klosterpark.de\/index.php?rest_route=%2Fwp%2Fv2%2Fmedia&parent=142"}],"curies":[{"name":"wp","href":"https:\/\/api.w.org\/{rel}","templated":true}]}}