{"id":1812,"date":"2026-04-17T14:08:45","date_gmt":"2026-04-17T12:08:45","guid":{"rendered":"https:\/\/kinderladen-klosterpark.de\/?page_id=1812"},"modified":"2026-04-17T14:13:54","modified_gmt":"2026-04-17T12:13:54","slug":"unser-leitbild","status":"publish","type":"page","link":"https:\/\/kinderladen-klosterpark.de\/?page_id=1812","title":{"rendered":"Unser Leitbild"},"content":{"rendered":"\n<p>Kinderladen Klosterpark e.V.<strong> <\/strong>\u2013 <strong>Gemeinsam. Solidarisch. Alternativ.<br><\/strong><br>Der Kinderladen Klosterpark ist mehr als eine Kita \u2013 er ist ein solidarischer Ort des Miteinanders, Lernens und Gestaltens. Seit unserer Gr\u00fcndung als Elterninitiative 1971 leben wir eine Vision: Kinder in einem liebevollen, selbstorganisierten und politischen Umfeld aufwachsen zu lassen.<\/p>\n\n\n\n<p><strong>Selbstorganisation &amp; Engagement<\/strong><br><br>Als selbstverwaltete Einrichtung ist der Kinderladen ein lebendiges Gemeinschaftsprojekt. Eltern, Fachkr\u00e4fte und Kinder gestalten das t\u00e4gliche Zusammenleben aktiv mit \u2013 sei es durch Mithilfe im Alltag, Vereinsarbeit oder gemeinsame Entscheidungen. Dieses Engagement schafft nicht nur N\u00e4he, sondern erm\u00f6glicht auch besonders gute Betreuungsbedingungen.<br><br><strong>P\u00e4dagogik mit Haltung<\/strong><br><br>Unsere p\u00e4dagogische Arbeit ist ganzheitlich, partizipativ und werteorientiert. Kinder sollen zu selbstbewussten, empathischen Menschen heranwachsen. Wir f\u00f6rdern kreatives Spiel, eigenst\u00e4ndiges Lernen und soziale Kompetenzen \u2013 in einem Rahmen, der gendersensibel, antirassistisch und umweltbewusst ist. Vielfalt soll gelebter Alltag sein.<br><br><strong>Ein Ort f\u00fcr Kinder, Eltern und Fachkr\u00e4fte<\/strong><br><br>Der Kinderladen ist nicht nur ein Wohlf\u00fchlort f\u00fcr Kinder, sondern auch ein Raum des Austauschs und der Unterst\u00fctzung f\u00fcr Eltern und ein fairer Arbeitsplatz f\u00fcr das p\u00e4dagogische Team. Offene Kommunikation, gegenseitiger Respekt und kontinuierliche Reflexion sind dabei grundlegend.<br><br><strong>Gemeinsam gestalten<\/strong><br><br>Entscheidungen treffen wir basisdemokratisch im Plenum \u2013 transparent, verantwortungsvoll und im Bewusstsein gesellschaftlicher wie institutioneller Rahmenbedingungen. Der gew\u00e4hlte Vorstand \u00fcbernimmt dabei zentrale Aufgaben, stets im Dialog mit der Gemeinschaft.<br><br><strong>Unser Anspruch<\/strong><br><br>Wir stehen f\u00fcr ein solidarisches, vielf\u00e4ltiges und zukunftsf\u00e4higes Zusammenleben. Der Kinderladen ist unser Beitrag zu einer Gesellschaft, in der Kinder gesch\u00fctzt, geh\u00f6rt und gest\u00e4rkt werden<\/p>\n\n\n\n<p><strong>Wir alle sind der Kinderladen und es braucht alle, damit wir der Kinderladen sein k\u00f6nnen.<\/strong><\/p>\n\n\n\n<p><br><\/p>\n","protected":false},"excerpt":{"rendered":"<p>Kinderladen Klosterpark e.V. \u2013 Gemeinsam. Solidarisch. Alternativ.Der Kinderladen Klosterpark ist mehr als eine Kita \u2013 er ist ein solidarischer Ort des Miteinanders, Lernens und Gestaltens. Seit unserer Gr\u00fcndung als Elterninitiative 1971 leben wir eine Vision: Kinder in einem liebevollen, selbstorganisierten und politischen Umfeld aufwachsen zu lassen. Selbstorganisation &amp; Engagement Als selbstverwaltete Einrichtung ist der Kinderladen &hellip; <a href=\"https:\/\/kinderladen-klosterpark.de\/?page_id=1812\" class=\"more-link\"><span class=\"screen-reader-text\">Unser Leitbild<\/span> weiterlesen <span class=\"meta-nav\">&rarr;<\/span><\/a><\/p>\n","protected":false},"author":285,"featured_media":0,"parent":0,"menu_order":0,"comment_status":"closed","ping_status":"closed","template":"","meta":[],"aioseo_notices":[],"jetpack_sharing_enabled":true,"_links":{"self":[{"href":"https:\/\/kinderladen-klosterpark.de\/index.php?rest_route=\/wp\/v2\/pages\/1812"}],"collection":[{"href":"https:\/\/kinderladen-klosterpark.de\/index.php?rest_route=\/wp\/v2\/pages"}],"about":[{"href":"https:\/\/kinderladen-klosterpark.de\/index.php?rest_route=\/wp\/v2\/types\/page"}],"author":[{"embeddable":true,"href":"https:\/\/kinderladen-klosterpark.de\/index.php?rest_route=\/wp\/v2\/users\/285"}],"replies":[{"embeddable":true,"href":"https:\/\/kinderladen-klosterpark.de\/index.php?rest_route=%2Fwp%2Fv2%2Fcomments&post=1812"}],"version-history":[{"count":2,"href":"https:\/\/kinderladen-klosterpark.de\/index.php?rest_route=\/wp\/v2\/pages\/1812\/revisions"}],"predecessor-version":[{"id":1815,"href":"https:\/\/kinderladen-klosterpark.de\/index.php?rest_route=\/wp\/v2\/pages\/1812\/revisions\/1815"}],"wp:attachment":[{"href":"https:\/\/kinderladen-klosterpark.de\/index.php?rest_route=%2Fwp%2Fv2%2Fmedia&parent=1812"}],"curies":[{"name":"wp","href":"https:\/\/api.w.org\/{rel}","templated":true}]}}