{"id":285,"date":"2014-07-24T21:23:55","date_gmt":"2014-07-24T19:23:55","guid":{"rendered":"http:\/\/kinderladen-klosterpark.de\/?page_id=285"},"modified":"2022-04-03T14:24:51","modified_gmt":"2022-04-03T12:24:51","slug":"unser-foerderverein","status":"publish","type":"page","link":"https:\/\/kinderladen-klosterpark.de\/?page_id=285","title":{"rendered":"Unser F\u00f6rderverein"},"content":{"rendered":"<p>Der F\u00f6rderverein des Kinderladen Klosterpark e.V. hat sich der F\u00f6rderung der Jugendhilfe und Erziehung verschrieben. Dazu beschafft der F\u00f6rderverein Gelder und finanziert Veranstaltungen, die das Erziehungskonzept unseres Kinderladens unterst\u00fctzen und weiterentwickeln. Die Vereinsmitglieder entscheiden \u00fcber die Verwendung der Spendengelder. Diese Gelder k\u00f6nnen flexibler eingesetzt werden als die \u00f6ffentlichen Zusch\u00fcsse, die der Kinderladen f\u00fcr jeden Krippen- und Kindergartenplatz bekommt.<\/p>\n<p>Die aktive Mitarbeit im F\u00f6rderverein er\u00f6ffnet eine weitere M\u00f6glichkeit, im Kinderladen gestalterisch t\u00e4tig zu werden!<\/p>\n<p>Der Vorstand des F\u00f6rderverein des Kinderladen Klosterpark e.V. besteht derzeit aus Philipp Kallenbach und Nora Schiebenh\u00f6fer.<\/p>\n<p>Man erreicht uns \u00fcber die Kontaktdaten des Kinderladens:<\/p>\n<address>Klosterpark 7<br \/>\n37077 G\u00f6ttingen<br \/>\nTelefon: 0551-31746<\/address>\n<address>Email:<img data-attachment-id=\"1188\" data-permalink=\"https:\/\/kinderladen-klosterpark.de\/?attachment_id=1188\" data-orig-file=\"https:\/\/i0.wp.com\/kinderladen-klosterpark.de\/wp-content\/uploads\/2019\/11\/Kila-F\u00f6Ve-Kontakt-Emailadresse.png?fit=488%2C39&amp;ssl=1\" data-orig-size=\"488,39\" data-comments-opened=\"0\" data-image-meta=\"{&quot;aperture&quot;:&quot;0&quot;,&quot;credit&quot;:&quot;&quot;,&quot;camera&quot;:&quot;&quot;,&quot;caption&quot;:&quot;&quot;,&quot;created_timestamp&quot;:&quot;0&quot;,&quot;copyright&quot;:&quot;&quot;,&quot;focal_length&quot;:&quot;0&quot;,&quot;iso&quot;:&quot;0&quot;,&quot;shutter_speed&quot;:&quot;0&quot;,&quot;title&quot;:&quot;&quot;,&quot;orientation&quot;:&quot;0&quot;}\" data-image-title=\"Kila F\u00f6Ve Kontakt Emailadresse\" data-image-description=\"\" data-image-caption=\"\" data-medium-file=\"https:\/\/i0.wp.com\/kinderladen-klosterpark.de\/wp-content\/uploads\/2019\/11\/Kila-F\u00f6Ve-Kontakt-Emailadresse.png?fit=300%2C24&amp;ssl=1\" data-large-file=\"https:\/\/i0.wp.com\/kinderladen-klosterpark.de\/wp-content\/uploads\/2019\/11\/Kila-F\u00f6Ve-Kontakt-Emailadresse.png?fit=474%2C38&amp;ssl=1\" loading=\"lazy\" class=\"alignnone wp-image-1188 size-medium\" src=\"https:\/\/i0.wp.com\/kinderladen-klosterpark.de\/wp-content\/uploads\/2019\/11\/Kila-F\u00f6Ve-Kontakt-Emailadresse-300x24.png?resize=300%2C24\" alt=\"\" width=\"300\" height=\"24\" srcset=\"https:\/\/i0.wp.com\/kinderladen-klosterpark.de\/wp-content\/uploads\/2019\/11\/Kila-F\u00f6Ve-Kontakt-Emailadresse.png?resize=300%2C24&amp;ssl=1 300w, https:\/\/i0.wp.com\/kinderladen-klosterpark.de\/wp-content\/uploads\/2019\/11\/Kila-F\u00f6Ve-Kontakt-Emailadresse.png?w=488&amp;ssl=1 488w\" sizes=\"(max-width: 300px) 100vw, 300px\" data-recalc-dims=\"1\" \/><\/address>\n<p>Am einfachsten erreichen Sie uns \u00fcber das Kontaktformular:<\/p>\n<div role=\"form\" class=\"wpcf7\" id=\"wpcf7-f1057-o1\" lang=\"de-DE\" dir=\"ltr\">\n<div class=\"screen-reader-response\"><p role=\"status\" aria-live=\"polite\" aria-atomic=\"true\"><\/p> <ul><\/ul><\/div>\n<form action=\"\/index.php?rest_route=%2Fwp%2Fv2%2Fpages%2F285#wpcf7-f1057-o1\" method=\"post\" class=\"wpcf7-form init\" novalidate=\"novalidate\" data-status=\"init\">\n<div style=\"display: none;\">\n<input type=\"hidden\" name=\"_wpcf7\" value=\"1057\" \/>\n<input type=\"hidden\" name=\"_wpcf7_version\" value=\"5.6.4\" \/>\n<input type=\"hidden\" name=\"_wpcf7_locale\" value=\"de_DE\" \/>\n<input type=\"hidden\" name=\"_wpcf7_unit_tag\" value=\"wpcf7-f1057-o1\" \/>\n<input type=\"hidden\" name=\"_wpcf7_container_post\" value=\"0\" \/>\n<input type=\"hidden\" name=\"_wpcf7_posted_data_hash\" value=\"\" \/>\n<\/div>\n<p><label> Name (Pflichtfeld)<br \/>\n    <span class=\"wpcf7-form-control-wrap\" data-name=\"your-name\"><input type=\"text\" name=\"your-name\" value=\"\" size=\"40\" class=\"wpcf7-form-control wpcf7-text wpcf7-validates-as-required\" aria-required=\"true\" aria-invalid=\"false\" \/><\/span> <\/label><\/p>\n<p><span id=\"wpcf7-6a06e22161b08-wrapper\" class=\"wpcf7-form-control-wrap Vorname-wrap\" style=\"display: block;\n\t\t    width: 0px;\n\t\t    height: 0px;\n\t\t    padding: 0px;\n\t\t    border: 1px solid transparent;\n\t\t    display: block;\n\t\t    overflow: hidden;\n\t\t    \"><input type=\"hidden\" name=\"Vorname-random-hash\" value=\"49329402\"><label\n\t\t    for=\"wpcf7-6a06e22161b08-field\"\n\t\t    class=\"hp-message\"\n        >Bitte lasse dieses Feld leer.<\/label><input\n\t    id=\"wpcf7-6a06e22161b08-field\"\n\t    \n\t    class=\"wpcf7-form-control wpcf7-text\"\n\t    type=\"text\"\n\t    name=\"0uxuni9jgtsx\"\n\t    value=\"\"\n\t    size=\"40\"\n\t    autocomplete=\"new-password\"\n\t    tabindex=\"1000\"\n    \/><\/span><\/p>\n<p><label> E-Mail-Adresse (Pflichtfeld)<br \/>\n    <span class=\"wpcf7-form-control-wrap\" data-name=\"your-email\"><input type=\"email\" name=\"your-email\" value=\"\" size=\"40\" class=\"wpcf7-form-control wpcf7-text wpcf7-email wpcf7-validates-as-required wpcf7-validates-as-email\" aria-required=\"true\" aria-invalid=\"false\" \/><\/span> <\/label><\/p>\n<p><label> Betreff<br \/>\n    <span class=\"wpcf7-form-control-wrap\" data-name=\"your-subject\"><input type=\"text\" name=\"your-subject\" value=\"\" size=\"40\" class=\"wpcf7-form-control wpcf7-text\" aria-invalid=\"false\" \/><\/span> <\/label><\/p>\n<p><label> Deine Nachricht (Pflichtfeld)<br \/>\n    <span class=\"wpcf7-form-control-wrap\" data-name=\"your-message\"><textarea name=\"your-message\" cols=\"40\" rows=\"10\" class=\"wpcf7-form-control wpcf7-textarea wpcf7-validates-as-required\" aria-required=\"true\" aria-invalid=\"false\"><\/textarea><\/span> <\/label><\/p>\n<p><span class=\"wpcf7-form-control-wrap\" data-name=\"acceptance-datenschutz\"><span class=\"wpcf7-form-control wpcf7-acceptance\"><span class=\"wpcf7-list-item\"><label><input type=\"checkbox\" name=\"acceptance-datenschutz\" value=\"1\" aria-invalid=\"false\" \/><span class=\"wpcf7-list-item-label\">Die <a href=\"http:\/\/kinderladen-klosterpark.de\/?page_id=922\" target=\"_blank\">Datenschutzerkl\u00e4rung<\/a> habe ich gelesen und stimme der angegebenen Datenerhebung, -speicherung und -weitergabe im Rahmen der Nutzung des Kontaktformulars zu.<\/span><\/label><\/span><\/span><\/span><\/p>\n<p><span id=\"wpcf7-6a06e2216202d-wrapper\" class=\"wpcf7-form-control-wrap Nachname-wrap\" style=\"display: block;\n\t\t    width: 0px;\n\t\t    height: 0px;\n\t\t    padding: 0px;\n\t\t    border: 1px solid transparent;\n\t\t    display: block;\n\t\t    overflow: hidden;\n\t\t    \"><input type=\"hidden\" name=\"Nachname-random-hash\" value=\"21934741\"><label\n\t\t    for=\"wpcf7-6a06e2216202d-field\"\n\t\t    class=\"hp-message\"\n        >Bitte lasse dieses Feld leer.<\/label><input\n\t    id=\"wpcf7-6a06e2216202d-field\"\n\t    \n\t    class=\"wpcf7-form-control wpcf7-text\"\n\t    type=\"text\"\n\t    name=\"orawvdcg3yg6\"\n\t    value=\"\"\n\t    size=\"40\"\n\t    autocomplete=\"new-password\"\n\t    tabindex=\"1000\"\n    \/><\/span><\/p>\n<p><input type=\"submit\" value=\"Senden\" class=\"wpcf7-form-control has-spinner wpcf7-submit\" \/><\/p>\n<div class=\"wpcf7-response-output\" aria-hidden=\"true\"><\/div><\/form><\/div>\n<p>Wir freuen uns nat\u00fcrlich \u00fcber jede Spende!<\/p>\n<p>F\u00f6rderverein des Kinderladen Klosterpark e.V.<br \/>\nIBAN DE72 2605 0001 0000 0645 50<br \/>\nBIC NOLADE21GOE<\/p>\n<p><em>Zweck des Vereins ist die F\u00f6rderung der Jugendhilfe und der Erziehung. Der Satzungszweck wird\u00a0verwirklicht insbesondere durch die Beschaffung von Mitteln f\u00fcr den Verein Kinderladen\u00a0Klosterpark sowie die Durchf\u00fchrung von Veranstaltungen, die das Erziehungskonzept des Vereins\u00a0Kinderladen Klosterpark unterst\u00fctzen und entwickeln.<\/em><\/p>\n<p><em>Der Verein ist selbstlos t\u00e4tig, er verfolgt nicht in erster Linie eigenwirtschaftliche Zwecke. Er<\/em><i>\u00a0ist eingetragen auf dem Registerblatt VR 1545 beim Amtsgericht in G\u00f6ttingen.<\/i><\/p>\n","protected":false},"excerpt":{"rendered":"<p>Der F\u00f6rderverein des Kinderladen Klosterpark e.V. hat sich der F\u00f6rderung der Jugendhilfe und Erziehung verschrieben. Dazu beschafft der F\u00f6rderverein Gelder und finanziert Veranstaltungen, die das Erziehungskonzept unseres Kinderladens unterst\u00fctzen und weiterentwickeln. Die Vereinsmitglieder entscheiden \u00fcber die Verwendung der Spendengelder. Diese Gelder k\u00f6nnen flexibler eingesetzt werden als die \u00f6ffentlichen Zusch\u00fcsse, die der Kinderladen f\u00fcr jeden Krippen- &hellip; <a href=\"https:\/\/kinderladen-klosterpark.de\/?page_id=285\" class=\"more-link\"><span class=\"screen-reader-text\">Unser F\u00f6rderverein<\/span> weiterlesen <span class=\"meta-nav\">&rarr;<\/span><\/a><\/p>\n","protected":false},"author":1,"featured_media":0,"parent":7,"menu_order":4,"comment_status":"closed","ping_status":"closed","template":"","meta":[],"aioseo_notices":[],"jetpack_sharing_enabled":true,"_links":{"self":[{"href":"https:\/\/kinderladen-klosterpark.de\/index.php?rest_route=\/wp\/v2\/pages\/285"}],"collection":[{"href":"https:\/\/kinderladen-klosterpark.de\/index.php?rest_route=\/wp\/v2\/pages"}],"about":[{"href":"https:\/\/kinderladen-klosterpark.de\/index.php?rest_route=\/wp\/v2\/types\/page"}],"author":[{"embeddable":true,"href":"https:\/\/kinderladen-klosterpark.de\/index.php?rest_route=\/wp\/v2\/users\/1"}],"replies":[{"embeddable":true,"href":"https:\/\/kinderladen-klosterpark.de\/index.php?rest_route=%2Fwp%2Fv2%2Fcomments&post=285"}],"version-history":[{"count":13,"href":"https:\/\/kinderladen-klosterpark.de\/index.php?rest_route=\/wp\/v2\/pages\/285\/revisions"}],"predecessor-version":[{"id":1543,"href":"https:\/\/kinderladen-klosterpark.de\/index.php?rest_route=\/wp\/v2\/pages\/285\/revisions\/1543"}],"up":[{"embeddable":true,"href":"https:\/\/kinderladen-klosterpark.de\/index.php?rest_route=\/wp\/v2\/pages\/7"}],"wp:attachment":[{"href":"https:\/\/kinderladen-klosterpark.de\/index.php?rest_route=%2Fwp%2Fv2%2Fmedia&parent=285"}],"curies":[{"name":"wp","href":"https:\/\/api.w.org\/{rel}","templated":true}]}}