{"id":427,"date":"2016-02-14T12:15:52","date_gmt":"2016-02-14T10:15:52","guid":{"rendered":"http:\/\/kinderladen-klosterpark.de\/?page_id=427"},"modified":"2026-01-16T13:52:06","modified_gmt":"2026-01-16T12:52:06","slug":"info-nachmittage","status":"publish","type":"page","link":"https:\/\/kinderladen-klosterpark.de\/?page_id=427","title":{"rendered":"Info-Nachmittage \/ Platzanfragen"},"content":{"rendered":"\n<p>F\u00fcr alle interessierten Eltern, die sich \u00fcber den Kinderladen informieren und mit uns ins Gespr\u00e4ch kommen m\u00f6chten, bietet der Kinderladen regelm\u00e4\u00dfig Info-Nachmittage an.  <\/p>\n\n\n\n<p>Zur Zeit gibt es <strong>keine<\/strong> aktuellen Termine, n\u00e4chsten Termine werden hier angek\u00fcndigt.  <\/p>\n\n\n\n<p>(Falls ein Infonachmittag in englischer Sprache gew\u00fcnscht ist, bitten wir dieses vorher telefonisch oder im Kontaktformular mitzuteilen.) <\/p>\n\n\n\n<h1>Platzanfragen<\/h1>\n\n\n\n<p><strong>Liebe Eltern<\/strong>, ab dem 1. November 2021 stellt die Stadt G\u00f6ttingen bei der Platz-Vergabe der Kindertagesst\u00e4tten auf ein Online-Portal um, \u00fcber das sich alle Eltern anmelden m\u00fcssen, wenn sie einen Platz haben m\u00f6chten. Den Link dazu findet ihr hier:&nbsp;<a href=\"https:\/\/kita.goettingen.de\" target=\"_blank\" rel=\"noopener\">https:\/\/kita.goettingen.de<\/a><\/p>\n\n\n\n<p>Alle die einen Platz haben wollen, egal bei welcher Kita, m\u00fcssen sich beim Portal anmelden. Ihr m\u00fcsst dann Informationen angeben und k\u00f6nnt bis zu 5 Kitas ausw\u00e4hlen, f\u00fcr die ihr euch bewerben wollt (nach Wunschreihenfolge). Wenn ihr euch f\u00fcr einen Platz bei uns interessiert, m\u00fcsst ihr euch auch dort anmelden und den Kinderladen als Wunsch angeben.<\/p>\n\n\n\n<p>Unabh\u00e4ngig von diesem System fahren wir aber weiterhin unser eigenes System der Info-Treffen und f\u00fchren weiterhin unsere eigenen Listen. F\u00fcr eine Elterninitiative wie uns ist das Online-Portal eher schwierig. Wichtig ist also, dass ihr euch sowohl beim Online-Portal der Stadt als auch auf unserer Homepage anmeldet und an einem Info-Treffen bei uns teilnehmt (falls es Infonachmittage stattfinden findet Ihr die Anmeldung   zu den Info-Treffen oben beim Punkt &#8222;Info-Nachmittage \/ Platzanfragen&#8220;)<\/p>\n\n\n\n<p><b>Also, f\u00fcr Platzanfragen und Anmeldungen an einem Eltern Info-Nachmittage nutzt bitte das Anmeldeformular. Alternativ k\u00f6nnt ihr uns auch <\/b><a style=\"font-weight: bold;\" href=\"https:\/\/kinderladen-klosterpark.de\/?page_id=82\">telefonisch<\/a><b> erreichen.<\/b><\/p>\n\n\n\n<h2>Anmeldeformular<\/h2>\n\n\n\n<div role=\"form\" class=\"wpcf7\" id=\"wpcf7-f1258-o1\" lang=\"de-DE\" dir=\"ltr\">\n<div class=\"screen-reader-response\"><p role=\"status\" aria-live=\"polite\" aria-atomic=\"true\"><\/p> <ul><\/ul><\/div>\n<form action=\"\/index.php?rest_route=%2Fwp%2Fv2%2Fpages%2F427#wpcf7-f1258-o1\" method=\"post\" class=\"wpcf7-form init\" novalidate=\"novalidate\" data-status=\"init\">\n<div style=\"display: none;\">\n<input type=\"hidden\" name=\"_wpcf7\" value=\"1258\" \/>\n<input type=\"hidden\" name=\"_wpcf7_version\" value=\"5.6.4\" \/>\n<input type=\"hidden\" name=\"_wpcf7_locale\" value=\"de_DE\" \/>\n<input type=\"hidden\" name=\"_wpcf7_unit_tag\" value=\"wpcf7-f1258-o1\" \/>\n<input type=\"hidden\" name=\"_wpcf7_container_post\" value=\"0\" \/>\n<input type=\"hidden\" name=\"_wpcf7_posted_data_hash\" value=\"\" \/>\n<\/div>\n<p>ANGABEN DER ELTERN:<\/p>\n<p><span id=\"wpcf7-6a0469ea2e62d-wrapper\" class=\"wpcf7-form-control-wrap Vorname-wrap\" style=\"display:none !important; visibility:hidden !important;\"><label for=\"wpcf7-6a0469ea2e62d-field\" class=\"hp-message\">Bitte lasse dieses Feld leer.<\/label><input id=\"wpcf7-6a0469ea2e62d-field\"  class=\"wpcf7-form-control wpcf7-text\" type=\"text\" name=\"Vorname\" value=\"\" size=\"40\" tabindex=\"-1\" autocomplete=\"new-password\" \/><\/span><\/p>\n<p><label> Vorname (Pflichtfeld)<br \/>\n    <span class=\"wpcf7-form-control-wrap\" data-name=\"your-firstname\"><input type=\"text\" name=\"your-firstname\" value=\"\" size=\"40\" class=\"wpcf7-form-control wpcf7-text wpcf7-validates-as-required\" aria-required=\"true\" aria-invalid=\"false\" \/><\/span> <\/label><\/p>\n<p><label> Nachname (Pflichtfeld)<br \/>\n    <span class=\"wpcf7-form-control-wrap\" data-name=\"your-lastname\"><input type=\"text\" name=\"your-lastname\" value=\"\" size=\"40\" class=\"wpcf7-form-control wpcf7-text wpcf7-validates-as-required\" aria-required=\"true\" aria-invalid=\"false\" \/><\/span> <\/label><\/p>\n<p><label> E-Mail-Adresse (Pflichtfeld)<br \/>\n    <span class=\"wpcf7-form-control-wrap\" data-name=\"your-email\"><input type=\"email\" name=\"your-email\" value=\"\" size=\"40\" class=\"wpcf7-form-control wpcf7-text wpcf7-email wpcf7-validates-as-required wpcf7-validates-as-email\" aria-required=\"true\" aria-invalid=\"false\" \/><\/span> <\/label><\/p>\n<p><label> Telefon (Pflichtfeld)<br \/>\n  <span class=\"wpcf7-form-control-wrap\" data-name=\"tel-572\"><input type=\"tel\" name=\"tel-572\" value=\"\" size=\"40\" class=\"wpcf7-form-control wpcf7-text wpcf7-tel wpcf7-validates-as-required wpcf7-validates-as-tel\" aria-required=\"true\" aria-invalid=\"false\" \/><\/span><\/label><\/p>\n<p><label> Stra\u00dfe (Pflichtfeld) <span class=\"wpcf7-form-control-wrap\" data-name=\"your-street\"><input type=\"text\" name=\"your-street\" value=\"\" size=\"40\" class=\"wpcf7-form-control wpcf7-text wpcf7-validates-as-required\" aria-required=\"true\" aria-invalid=\"false\" \/><\/span> <\/label> <label> Nr: <span class=\"wpcf7-form-control-wrap\" data-name=\"your-streetnr\"><input type=\"number\" name=\"your-streetnr\" value=\"\" class=\"wpcf7-form-control wpcf7-number wpcf7-validates-as-required wpcf7-validates-as-number\" min=\"1\" max=\"9999\" aria-required=\"true\" aria-invalid=\"false\" \/><\/span> <\/label><\/p>\n<p><label> PLZ (Pflichtfeld)<br \/>\n<span class=\"wpcf7-form-control-wrap\" data-name=\"your-plz\"><input type=\"number\" name=\"your-plz\" value=\"\" class=\"wpcf7-form-control wpcf7-number wpcf7-validates-as-required wpcf7-validates-as-number\" min=\"1\" max=\"99999\" aria-required=\"true\" aria-invalid=\"false\" \/><\/span> <\/label><\/p>\n<p><label> Ort (Pflichtfeld)<br \/>\n    <span class=\"wpcf7-form-control-wrap\" data-name=\"your-residence\"><input type=\"text\" name=\"your-residence\" value=\"\" size=\"40\" class=\"wpcf7-form-control wpcf7-text wpcf7-validates-as-required\" aria-required=\"true\" aria-invalid=\"false\" \/><\/span> <\/label><\/p>\n<p>Falls an dem Infonachmittag teilgenommen wird,<br \/>\nsollte dieser f\u00fcr mich in folgender Sprach sein:<\/p>\n<p><span class=\"wpcf7-form-control-wrap\" data-name=\"radio-883\"><span class=\"wpcf7-form-control wpcf7-radio\"><span class=\"wpcf7-list-item first\"><label><input type=\"radio\" name=\"radio-883\" value=\"Deutsch\" checked=\"checked\" \/><span class=\"wpcf7-list-item-label\">Deutsch<\/span><\/label><\/span><span class=\"wpcf7-list-item last\"><label><input type=\"radio\" name=\"radio-883\" value=\"Englisch\" \/><span class=\"wpcf7-list-item-label\">Englisch<\/span><\/label><\/span><\/span><\/span><\/p>\n<p>ANGABEN ZUM KIND:<\/p>\n<p><label> Vorname (Pflichtfeld)<br \/>\n    <span class=\"wpcf7-form-control-wrap\" data-name=\"child-firstname\"><input type=\"text\" name=\"child-firstname\" value=\"\" size=\"40\" class=\"wpcf7-form-control wpcf7-text wpcf7-validates-as-required\" aria-required=\"true\" aria-invalid=\"false\" \/><\/span> <\/label><\/p>\n<p><label> Nachname (Pflichtfeld)<br \/>\n    <span class=\"wpcf7-form-control-wrap\" data-name=\"child-lastname\"><input type=\"text\" name=\"child-lastname\" value=\"\" size=\"40\" class=\"wpcf7-form-control wpcf7-text wpcf7-validates-as-required\" aria-required=\"true\" aria-invalid=\"false\" \/><\/span> <\/label><\/p>\n<p><label> Geburtstag (Pflichtfeld)<br \/>\n    <span class=\"wpcf7-form-control-wrap\" data-name=\"child-birthday\"><input type=\"date\" name=\"child-birthday\" value=\"\" class=\"wpcf7-form-control wpcf7-date wpcf7-validates-as-required wpcf7-validates-as-date\" aria-required=\"true\" aria-invalid=\"false\" \/><\/span> <\/label><\/p>\n<p><span id=\"wpcf7-6a0469ea2e8ae-wrapper\" class=\"wpcf7-form-control-wrap honeypot-message-wrap\" style=\"display:none !important; visibility:hidden !important;\"><label for=\"wpcf7-6a0469ea2e8ae-field\" class=\"hp-message\">Bitte lasse dieses Feld leer.<\/label><input id=\"wpcf7-6a0469ea2e8ae-field\"  class=\"wpcf7-form-control wpcf7-text\" type=\"text\" name=\"honeypot-message\" value=\"\" size=\"40\" tabindex=\"-1\" autocomplete=\"new-password\" \/><\/span><\/p>\n<p>ANGABEN ZU EINEM WEITEREN KIND (OPTIONAL)<\/p>\n<p><label> Vorname<br \/>\n<span class=\"wpcf7-form-control-wrap\" data-name=\"child2-firstname\"><input type=\"text\" name=\"child2-firstname\" value=\"\" size=\"40\" class=\"wpcf7-form-control wpcf7-text\" aria-invalid=\"false\" \/><\/span><\/label><\/p>\n<p><span id=\"wpcf7-6a0469ea2e8f4-wrapper\" class=\"wpcf7-form-control-wrap Nachname-wrap\" style=\"display:none !important; visibility:hidden !important;\"><label for=\"wpcf7-6a0469ea2e8f4-field\" class=\"hp-message\">Bitte lasse dieses Feld leer.<\/label><input id=\"wpcf7-6a0469ea2e8f4-field\"  class=\"wpcf7-form-control wpcf7-text\" type=\"text\" name=\"Nachname\" value=\"\" size=\"40\" tabindex=\"-1\" autocomplete=\"new-password\" \/><\/span><\/p>\n<p><label> Nachname<br \/>\n<span class=\"wpcf7-form-control-wrap\" data-name=\"child2-lastname\"><input type=\"text\" name=\"child2-lastname\" value=\"\" size=\"40\" class=\"wpcf7-form-control wpcf7-text\" aria-invalid=\"false\" \/><\/span><\/label><\/p>\n<p><span id=\"wpcf7-6a0469ea2e955-wrapper\" class=\"wpcf7-form-control-wrap honeypot-year-wrap\" style=\"display:none !important; visibility:hidden !important;\"><label for=\"wpcf7-6a0469ea2e955-field\" class=\"hp-message\">Bitte lasse dieses Feld leer.<\/label><input id=\"wpcf7-6a0469ea2e955-field\"  class=\"wpcf7-form-control wpcf7-text\" type=\"text\" name=\"honeypot-year\" value=\"\" size=\"40\" tabindex=\"-1\" autocomplete=\"new-password\" \/><\/span><\/p>\n<p><label> Geburtstag<br \/>\n<span class=\"wpcf7-form-control-wrap\" data-name=\"child2-birthday\"><input type=\"date\" name=\"child2-birthday\" value=\"\" class=\"wpcf7-form-control wpcf7-date wpcf7-validates-as-date\" aria-invalid=\"false\" \/><\/span><\/label><\/p>\n<p>Betreuungsplatz gesucht f\u00fcr (Pflichtfeld):<br \/>\n<span class=\"wpcf7-form-control-wrap\" data-name=\"radio-gesucht\"><span class=\"wpcf7-form-control wpcf7-radio\"><span class=\"wpcf7-list-item first\"><label><input type=\"radio\" name=\"radio-gesucht\" value=\"Krippe\" checked=\"checked\" \/><span class=\"wpcf7-list-item-label\">Krippe<\/span><\/label><\/span><span class=\"wpcf7-list-item\"><label><input type=\"radio\" name=\"radio-gesucht\" value=\"Kindergarten\" \/><span class=\"wpcf7-list-item-label\">Kindergarten<\/span><\/label><\/span><span class=\"wpcf7-list-item last\"><label><input type=\"radio\" name=\"radio-gesucht\" value=\"beides (Anfrage f\u00fcr mehrere Kinder)\" \/><span class=\"wpcf7-list-item-label\">beides (Anfrage f\u00fcr mehrere Kinder)<\/span><\/label><\/span><\/span><\/span><\/p>\n<p>Feld f\u00fcr weitere Anmerkungen (optional):<br \/>\n<span class=\"wpcf7-form-control-wrap\" data-name=\"textarea-anmerkungen\"><textarea name=\"textarea-anmerkungen\" cols=\"40\" rows=\"10\" class=\"wpcf7-form-control wpcf7-textarea\" aria-invalid=\"false\"><\/textarea><\/span><\/p>\n<p>HINWEISE ZUM DATENSCHUTZ:<br \/>\nZur Bearbeitung der Anfrage werden die im Kontaktformular angegebenen Daten per Email an die zust\u00e4ndigen Mitarbeiter*innen des Kinderladen Klosterpark verschickt. Der Versand von Emails erfolgt nicht durchgehend verschl\u00fcsselt. Bitte beachten Sie daher, dass insbesondere die Angaben zum Kind freiwillig sind.<br \/>\nWeitere Informationen zum Datenschutz k\u00f6nnen Sie unserer <a href=\"http:\/\/kinderladen-klosterpark.de\/?page_id=922\" target=\"_blank\">Datenschutzerkl\u00e4rung<\/a> entnehmen.<\/p>\n<p><span class=\"wpcf7-form-control-wrap\" data-name=\"acceptance-datenschutz\"><span class=\"wpcf7-form-control wpcf7-acceptance\"><span class=\"wpcf7-list-item\"><label><input type=\"checkbox\" name=\"acceptance-datenschutz\" value=\"1\" aria-invalid=\"false\" \/><span class=\"wpcf7-list-item-label\">Die Datenschutzerkl\u00e4rung habe ich gelesen und stimme der angegebenen Datenerhebung, -speicherung und -weitergabe im Rahmen der Nutzung des Kontaktformulars zu. (Pflichtfeld)<\/span><\/label><\/span><\/span><\/span><\/p>\n<p><input type=\"submit\" value=\"Senden\" class=\"wpcf7-form-control has-spinner wpcf7-submit\" \/><\/p>\n<div class=\"wpcf7-response-output\" aria-hidden=\"true\"><\/div><\/form><\/div>\n","protected":false},"excerpt":{"rendered":"<p>F\u00fcr alle interessierten Eltern, die sich \u00fcber den Kinderladen informieren und mit uns ins Gespr\u00e4ch kommen m\u00f6chten, bietet der Kinderladen regelm\u00e4\u00dfig Info-Nachmittage an. Zur Zeit gibt es keine aktuellen Termine, n\u00e4chsten Termine werden hier angek\u00fcndigt. (Falls ein Infonachmittag in englischer Sprache gew\u00fcnscht ist, bitten wir dieses vorher telefonisch oder im Kontaktformular mitzuteilen.) Platzanfragen Liebe Eltern, &hellip; <a href=\"https:\/\/kinderladen-klosterpark.de\/?page_id=427\" class=\"more-link\"><span class=\"screen-reader-text\">Info-Nachmittage \/ Platzanfragen<\/span> weiterlesen <span class=\"meta-nav\">&rarr;<\/span><\/a><\/p>\n","protected":false},"author":285,"featured_media":0,"parent":7,"menu_order":4,"comment_status":"closed","ping_status":"closed","template":"","meta":[],"aioseo_notices":[],"jetpack_sharing_enabled":true,"_links":{"self":[{"href":"https:\/\/kinderladen-klosterpark.de\/index.php?rest_route=\/wp\/v2\/pages\/427"}],"collection":[{"href":"https:\/\/kinderladen-klosterpark.de\/index.php?rest_route=\/wp\/v2\/pages"}],"about":[{"href":"https:\/\/kinderladen-klosterpark.de\/index.php?rest_route=\/wp\/v2\/types\/page"}],"author":[{"embeddable":true,"href":"https:\/\/kinderladen-klosterpark.de\/index.php?rest_route=\/wp\/v2\/users\/285"}],"replies":[{"embeddable":true,"href":"https:\/\/kinderladen-klosterpark.de\/index.php?rest_route=%2Fwp%2Fv2%2Fcomments&post=427"}],"version-history":[{"count":81,"href":"https:\/\/kinderladen-klosterpark.de\/index.php?rest_route=\/wp\/v2\/pages\/427\/revisions"}],"predecessor-version":[{"id":1785,"href":"https:\/\/kinderladen-klosterpark.de\/index.php?rest_route=\/wp\/v2\/pages\/427\/revisions\/1785"}],"up":[{"embeddable":true,"href":"https:\/\/kinderladen-klosterpark.de\/index.php?rest_route=\/wp\/v2\/pages\/7"}],"wp:attachment":[{"href":"https:\/\/kinderladen-klosterpark.de\/index.php?rest_route=%2Fwp%2Fv2%2Fmedia&parent=427"}],"curies":[{"name":"wp","href":"https:\/\/api.w.org\/{rel}","templated":true}]}}